{"id":747,"date":"2014-10-30T12:53:22","date_gmt":"2014-10-30T10:53:22","guid":{"rendered":"https:\/\/balmat-sport.fr\/?page_id=747"},"modified":"2015-01-12T19:16:33","modified_gmt":"2015-01-12T17:16:33","slug":"map","status":"publish","type":"page","link":"https:\/\/balmat-sport.fr\/en\/map\/","title":{"rendered":"Map"},"content":{"rendered":"<p>[et_pb_section fullwidth=&#8221;on&#8221; specialty=&#8221;off&#8221; background_color=&#8221;#666666&#8243; inner_shadow=&#8221;off&#8221; parallax=&#8221;off&#8221; parallax_method=&#8221;css&#8221;][et_pb_fullwidth_header admin_label=&#8221;Fullwidth Header&#8221; title=&#8221;Find Balmat Sport in Les Houches&#8221; subhead=&#8221;At the bottom of the Prarion Cable car, next the ESF ski school&#8221; background_layout=&#8221;dark&#8221; text_orientation=&#8221;left&#8221; \/][\/et_pb_section][et_pb_section fullwidth=&#8221;on&#8221; specialty=&#8221;off&#8221;][et_pb_fullwidth_map admin_label=&#8221;Fullwidth Map&#8221; address=&#8221;Les Houches, France&#8221; zoom_level=&#8221;13&#8243; address_lat=&#8221;45.890388&#8243; address_lng=&#8221;6.798734999999965&#8243;][et_pb_map_pin title=&#8221;Balmat sprt&#8221; pin_address=&#8221;108 Place du Prarion, 74310 Les Houches, France&#8221; pin_address_lat=&#8221;45.89475685994422&#8243; pin_address_lng=&#8221;6.782104096820035&#8243; \/][\/et_pb_fullwidth_map][\/et_pb_section]<\/p>\n","protected":false},"excerpt":{"rendered":"","protected":false},"author":2,"featured_media":0,"parent":0,"menu_order":0,"comment_status":"open","ping_status":"closed","template":"","meta":{"_et_pb_use_builder":"on","_et_pb_old_content":"<p>[et_pb_section fullwidth=\"on\" specialty=\"off\" background_color=\"#666666\" inner_shadow=\"off\" parallax=\"off\" parallax_method=\"css\"][et_pb_fullwidth_header admin_label=\"Fullwidth Header\" title=\"Trouver Balmat Sport aux Houches\" subhead=\"Louer ses skis au pied du t\u00e9l\u00e9cabine du Prarion, \u00e0 c\u00f4t\u00e9 de l'ESF\" background_layout=\"dark\" text_orientation=\"left\" \/][\/et_pb_section][et_pb_section fullwidth=\"on\" specialty=\"off\"][et_pb_fullwidth_map admin_label=\"Fullwidth Map\" address=\"Les Houches, France\" zoom_level=\"13\" address_lat=\"45.890388\" address_lng=\"6.798734999999965\"][et_pb_map_pin title=\"Balmat sprt\" pin_address=\"108 Place du Prarion, 74310 Les Houches, France\" pin_address_lat=\"45.89475685994422\" pin_address_lng=\"6.782104096820035\" \/][\/et_pb_fullwidth_map][\/et_pb_section]<\/p>","_et_gb_content_width":"","footnotes":""},"class_list":["post-747","page","type-page","status-publish","hentry"],"yoast_head":"<!-- This site is optimized with the Yoast SEO plugin v27.4 - https:\/\/yoast.com\/product\/yoast-seo-wordpress\/ -->\n<title>Map - Balmat Sport<\/title>\n<meta name=\"description\" content=\"Easy to locate Balmat sport in les Houches at the bottom of Prarion gondola\" \/>\n<meta name=\"robots\" content=\"index, follow, max-snippet:-1, max-image-preview:large, max-video-preview:-1\" \/>\n<link rel=\"canonical\" href=\"https:\/\/balmat-sport.fr\/en\/map\/\" \/>\n<meta property=\"og:locale\" content=\"en_US\" \/>\n<meta property=\"og:type\" content=\"article\" \/>\n<meta property=\"og:title\" content=\"Map - Balmat Sport\" \/>\n<meta property=\"og:description\" content=\"Easy to locate Balmat sport in les Houches at the bottom of Prarion gondola\" \/>\n<meta property=\"og:url\" content=\"https:\/\/balmat-sport.fr\/en\/map\/\" \/>\n<meta property=\"og:site_name\" content=\"Balmat Sport\" \/>\n<meta property=\"article:publisher\" content=\"https:\/\/www.facebook.com\/balmatsport\" \/>\n<meta property=\"article:modified_time\" content=\"2015-01-12T17:16:33+00:00\" \/>\n<meta property=\"og:image\" content=\"https:\/\/balmat-sport.fr\/wp-content\/uploads\/2014\/08\/logo-BS_final_couleur300x300.gif\" \/>\n\t<meta property=\"og:image:width\" content=\"300\" \/>\n\t<meta property=\"og:image:height\" content=\"300\" \/>\n\t<meta property=\"og:image:type\" content=\"image\/gif\" \/>\n<meta name=\"twitter:label1\" content=\"Est. reading time\" \/>\n\t<meta name=\"twitter:data1\" content=\"1 minute\" \/>\n<script type=\"application\/ld+json\" class=\"yoast-schema-graph\">{\"@context\":\"https:\\\/\\\/schema.org\",\"@graph\":[{\"@type\":\"WebPage\",\"@id\":\"https:\\\/\\\/balmat-sport.fr\\\/en\\\/map\\\/\",\"url\":\"https:\\\/\\\/balmat-sport.fr\\\/en\\\/map\\\/\",\"name\":\"Map - Balmat Sport\",\"isPartOf\":{\"@id\":\"https:\\\/\\\/balmat-sport.fr\\\/en\\\/#website\"},\"datePublished\":\"2014-10-30T10:53:22+00:00\",\"dateModified\":\"2015-01-12T17:16:33+00:00\",\"description\":\"Easy to locate Balmat sport in les Houches at the bottom of Prarion gondola\",\"breadcrumb\":{\"@id\":\"https:\\\/\\\/balmat-sport.fr\\\/en\\\/map\\\/#breadcrumb\"},\"inLanguage\":\"en-US\",\"potentialAction\":[{\"@type\":\"ReadAction\",\"target\":[\"https:\\\/\\\/balmat-sport.fr\\\/en\\\/map\\\/\"]}]},{\"@type\":\"BreadcrumbList\",\"@id\":\"https:\\\/\\\/balmat-sport.fr\\\/en\\\/map\\\/#breadcrumb\",\"itemListElement\":[{\"@type\":\"ListItem\",\"position\":1,\"name\":\"Home\",\"item\":\"https:\\\/\\\/balmat-sport.fr\\\/en\\\/\"},{\"@type\":\"ListItem\",\"position\":2,\"name\":\"Map\"}]},{\"@type\":\"WebSite\",\"@id\":\"https:\\\/\\\/balmat-sport.fr\\\/en\\\/#website\",\"url\":\"https:\\\/\\\/balmat-sport.fr\\\/en\\\/\",\"name\":\"Balmat Sport\",\"description\":\"Magasin de sports aux Houches\",\"publisher\":{\"@id\":\"https:\\\/\\\/balmat-sport.fr\\\/en\\\/#organization\"},\"potentialAction\":[{\"@type\":\"SearchAction\",\"target\":{\"@type\":\"EntryPoint\",\"urlTemplate\":\"https:\\\/\\\/balmat-sport.fr\\\/en\\\/?s={search_term_string}\"},\"query-input\":{\"@type\":\"PropertyValueSpecification\",\"valueRequired\":true,\"valueName\":\"search_term_string\"}}],\"inLanguage\":\"en-US\"},{\"@type\":\"Organization\",\"@id\":\"https:\\\/\\\/balmat-sport.fr\\\/en\\\/#organization\",\"name\":\"Balmat Sports\",\"url\":\"https:\\\/\\\/balmat-sport.fr\\\/en\\\/\",\"logo\":{\"@type\":\"ImageObject\",\"inLanguage\":\"en-US\",\"@id\":\"https:\\\/\\\/balmat-sport.fr\\\/en\\\/#\\\/schema\\\/logo\\\/image\\\/\",\"url\":\"https:\\\/\\\/balmat-sport.fr\\\/wp-content\\\/uploads\\\/2014\\\/07\\\/logo-BS_final_couleur300x300.jpg\",\"contentUrl\":\"https:\\\/\\\/balmat-sport.fr\\\/wp-content\\\/uploads\\\/2014\\\/07\\\/logo-BS_final_couleur300x300.jpg\",\"width\":300,\"height\":300,\"caption\":\"Balmat Sports\"},\"image\":{\"@id\":\"https:\\\/\\\/balmat-sport.fr\\\/en\\\/#\\\/schema\\\/logo\\\/image\\\/\"},\"sameAs\":[\"https:\\\/\\\/www.facebook.com\\\/balmatsport\"]}]}<\/script>\n<!-- \/ Yoast SEO plugin. -->","yoast_head_json":{"title":"Map - Balmat Sport","description":"Easy to locate Balmat sport in les Houches at the bottom of Prarion gondola","robots":{"index":"index","follow":"follow","max-snippet":"max-snippet:-1","max-image-preview":"max-image-preview:large","max-video-preview":"max-video-preview:-1"},"canonical":"https:\/\/balmat-sport.fr\/en\/map\/","og_locale":"en_US","og_type":"article","og_title":"Map - Balmat Sport","og_description":"Easy to locate Balmat sport in les Houches at the bottom of Prarion gondola","og_url":"https:\/\/balmat-sport.fr\/en\/map\/","og_site_name":"Balmat Sport","article_publisher":"https:\/\/www.facebook.com\/balmatsport","article_modified_time":"2015-01-12T17:16:33+00:00","og_image":[{"width":300,"height":300,"url":"https:\/\/balmat-sport.fr\/wp-content\/uploads\/2014\/08\/logo-BS_final_couleur300x300.gif","type":"image\/gif"}],"twitter_misc":{"Est. reading time":"1 minute"},"schema":{"@context":"https:\/\/schema.org","@graph":[{"@type":"WebPage","@id":"https:\/\/balmat-sport.fr\/en\/map\/","url":"https:\/\/balmat-sport.fr\/en\/map\/","name":"Map - Balmat Sport","isPartOf":{"@id":"https:\/\/balmat-sport.fr\/en\/#website"},"datePublished":"2014-10-30T10:53:22+00:00","dateModified":"2015-01-12T17:16:33+00:00","description":"Easy to locate Balmat sport in les Houches at the bottom of Prarion gondola","breadcrumb":{"@id":"https:\/\/balmat-sport.fr\/en\/map\/#breadcrumb"},"inLanguage":"en-US","potentialAction":[{"@type":"ReadAction","target":["https:\/\/balmat-sport.fr\/en\/map\/"]}]},{"@type":"BreadcrumbList","@id":"https:\/\/balmat-sport.fr\/en\/map\/#breadcrumb","itemListElement":[{"@type":"ListItem","position":1,"name":"Home","item":"https:\/\/balmat-sport.fr\/en\/"},{"@type":"ListItem","position":2,"name":"Map"}]},{"@type":"WebSite","@id":"https:\/\/balmat-sport.fr\/en\/#website","url":"https:\/\/balmat-sport.fr\/en\/","name":"Balmat Sport","description":"Magasin de sports aux Houches","publisher":{"@id":"https:\/\/balmat-sport.fr\/en\/#organization"},"potentialAction":[{"@type":"SearchAction","target":{"@type":"EntryPoint","urlTemplate":"https:\/\/balmat-sport.fr\/en\/?s={search_term_string}"},"query-input":{"@type":"PropertyValueSpecification","valueRequired":true,"valueName":"search_term_string"}}],"inLanguage":"en-US"},{"@type":"Organization","@id":"https:\/\/balmat-sport.fr\/en\/#organization","name":"Balmat Sports","url":"https:\/\/balmat-sport.fr\/en\/","logo":{"@type":"ImageObject","inLanguage":"en-US","@id":"https:\/\/balmat-sport.fr\/en\/#\/schema\/logo\/image\/","url":"https:\/\/balmat-sport.fr\/wp-content\/uploads\/2014\/07\/logo-BS_final_couleur300x300.jpg","contentUrl":"https:\/\/balmat-sport.fr\/wp-content\/uploads\/2014\/07\/logo-BS_final_couleur300x300.jpg","width":300,"height":300,"caption":"Balmat Sports"},"image":{"@id":"https:\/\/balmat-sport.fr\/en\/#\/schema\/logo\/image\/"},"sameAs":["https:\/\/www.facebook.com\/balmatsport"]}]}},"_links":{"self":[{"href":"https:\/\/balmat-sport.fr\/en\/wp-json\/wp\/v2\/pages\/747","targetHints":{"allow":["GET"]}}],"collection":[{"href":"https:\/\/balmat-sport.fr\/en\/wp-json\/wp\/v2\/pages"}],"about":[{"href":"https:\/\/balmat-sport.fr\/en\/wp-json\/wp\/v2\/types\/page"}],"author":[{"embeddable":true,"href":"https:\/\/balmat-sport.fr\/en\/wp-json\/wp\/v2\/users\/2"}],"replies":[{"embeddable":true,"href":"https:\/\/balmat-sport.fr\/en\/wp-json\/wp\/v2\/comments?post=747"}],"version-history":[{"count":0,"href":"https:\/\/balmat-sport.fr\/en\/wp-json\/wp\/v2\/pages\/747\/revisions"}],"wp:attachment":[{"href":"https:\/\/balmat-sport.fr\/en\/wp-json\/wp\/v2\/media?parent=747"}],"curies":[{"name":"wp","href":"https:\/\/api.w.org\/{rel}","templated":true}]}}